{"id":179,"date":"2018-01-16T11:30:04","date_gmt":"2018-01-16T04:30:04","guid":{"rendered":"http:\/\/cuongrt.raothue.com\/muonghoafood\/?post_type=product&#038;p=179"},"modified":"2018-01-16T11:32:33","modified_gmt":"2018-01-16T04:32:33","slug":"gao-seng-cu-uyen-lai-chau-sao-chep","status":"publish","type":"product","link":"https:\/\/c407-muonghoafood.com-vn.net\/?product=gao-seng-cu-uyen-lai-chau-sao-chep","title":{"rendered":"G\u1ea1o S\u00e9ng C\u00f9 Than Uy\u00ean  (Lai Ch\u00e2u) (Sao ch\u00e9p)"},"content":{"rendered":"<p>B\u1ed5 sung d\u01b0\u1ee1ng ch\u1ea5t<br \/>\nNgu\u1ed3n cung ch\u1ea5t s\u1eaft trong th\u1ecbt \u1edf d\u1ea1ng heme, c\u01a1 th\u1ec3 d\u1ec5 h\u1ea5p th\u1ee5, c\u1ea3i thi\u1ec7n \u0111\u01b0a oxy t\u1edbi c\u01a1. B\u1ed5 sung n\u0103ng l\u01b0\u1ee3ng, c\u1ea3i thi\u1ec7n kh\u1ea3 n\u0103ng ghi nh\u1edb v\u00e0 t\u1eadp trung c\u1ee7a n\u00e3o. Th\u00edch h\u1ee3p v\u1edbi ph\u1ee5 n\u1eef v\u00e0 ng\u01b0\u1eddi thi\u1ebfu m\u00e1u.<br \/>\nL\u01b0\u1ee3ng k\u1ebdm cao trong th\u1ecbt h\u1ed7 tr\u1ee3 c\u01a1 th\u1ec3 ch\u1ed1ng b\u1ec7nh nhi\u1ec5m tr\u00f9ng, gi\u00fap v\u1ebft th\u01b0\u01a1ng mau l\u00e0nh. Nhi\u1ec1u vitamin B12, Niacin gi\u00fap c\u01a1 th\u1ec3 t\u1ea1o th\u00eam h\u1ed3ng huy\u1ebft c\u1ea7u. Ngo\u00e0i ra, k\u1ebdm v\u00e0 vitamin B12 trong th\u1ecbt c\u1eebu c\u00f2n c\u00f3 t\u00e1c d\u1ee5ng gi\u1ea3m cholesterol v\u00e0 ng\u1eeba lo\u00e3ng x\u01b0\u01a1ng.<br \/>\nTheo RDA (Ch\u1ebf \u0110\u1ed9 \u0102n U\u1ed1ng Chu\u1ea9n M\u1ef1c), 100g s\u01b0\u1eddn c\u1eebu n\u01b0\u1edbng cung c\u1ea5p 26% t\u1ec9 l\u1ec7 ch\u1ea5t s\u1eaft b\u1ea1n c\u1ea7n trong m\u1ed9t ng\u00e0y, 33% t\u1ec9 l\u1ec7 ch\u1ea5t k\u1ebdm v\u00e0 108% t\u1ec9 l\u1ec7 Vitamin niacin (Vitamin B3).<\/p>\n<p><img loading=\"lazy\" class=\"aligncenter wp-image-173 size-full\" src=\"http:\/\/cuongrt.raothue.com\/muonghoafood\/wp-content\/uploads\/2017\/09\/imga.png\" alt=\"\" width=\"640\" height=\"324\" srcset=\"https:\/\/c407-muonghoafood.com-vn.net\/wp-content\/uploads\/2017\/09\/imga.png 640w, https:\/\/c407-muonghoafood.com-vn.net\/wp-content\/uploads\/2017\/09\/imga-300x152.png 300w, https:\/\/c407-muonghoafood.com-vn.net\/wp-content\/uploads\/2017\/09\/imga-180x91.png 180w, https:\/\/c407-muonghoafood.com-vn.net\/wp-content\/uploads\/2017\/09\/imga-600x304.png 600w\" sizes=\"(max-width: 640px) 100vw, 640px\" \/><\/p>\n<p>Gi\u1eef \u1ea5m c\u01a1 th\u1ec3<br \/>\nS\u01b0\u1eddn c\u1eebu \u0103n v\u00e0o \u1ea5m d\u1ea1 d\u00e0y, l\u00e0m cho da c\u0169ng \u0111\u1eb9p. S\u01b0\u1eddn c\u1eebu l\u00e0 m\u1ed9t trong nh\u1eefng th\u1ef1c ph\u1ea9m quan tr\u1ecdng gi\u1eef \u1ea5m trong m\u00f9a \u0111\u00f4ng. \u0102n th\u01b0\u1eddng xuy\u00ean s\u1ebd th\u00fac \u0111\u1ea9y qu\u00e1 tr\u00ecnh tu\u1ea7n ho\u00e0n m\u00e1u, t\u0103ng c\u01b0\u1eddng kh\u1ea3 n\u0103ng gi\u1eef \u1ea5m cho c\u01a1 th\u1ec3.<br \/>\nS\u01b0\u1eddn c\u1eebu c\u00f2n c\u00f3 t\u00e1c d\u1ee5ng h\u1ed7 tr\u1ee3 ti\u00eau h\u00f3a v\u00e0 b\u1ea3o v\u1ec7 d\u1ea1 d\u00e0y, c\u00f3 l\u1ee3i cho ph\u1ed5i: Gi\u1ea3m t\u00ecnh tr\u1ea1ng hen suy\u1ec5n, vi\u00eam ph\u1ebf qu\u1ea3n, b\u1ec7nh ph\u1ed5i v\u00e0 c\u00e1c ch\u1ee9ng b\u1ec7nh v\u1ec1 h\u00f4 h\u1ea5p kh\u00e1c.<br \/>\nT\u0103ng c\u01b0\u1eddng sinh l\u1ef1c<br \/>\nS\u01b0\u1eddn c\u1eebu gi\u00fap tr\u00e1ng d\u01b0\u01a1ng, m\u1ea1nh g\u00e2n c\u1ed1t. S\u01b0\u1eddn c\u1eebu t\u00ednh \u00f4n nh\u01b0ng kh\u00f4ng kh\u00f4, n\u00f3ng, c\u00f3 c\u00f4ng d\u1ee5ng b\u1ed5 th\u1eadn tr\u00e1ng d\u01b0\u01a1ng, t\u0103ng c\u01b0\u1eddng sinh l\u1ef1c.<br \/>\n\u0110u\u1ed5i h\u00e0n l\u1ea1nh, b\u1ed3i b\u1ed5 kh\u00ed huy\u1ebft. M\u00f9a \u0111\u00f4ng \u0103n s\u01b0\u1eddn c\u1eebu v\u00e0 th\u1ecbt c\u1eebu c\u00f3 th\u1ec3 ch\u1ed1ng l\u1ea1i h\u00e0n, l\u1ea1nh v\u00e0 b\u1ed3i b\u1ed5 r\u1ea5t t\u1ed1t.<br \/>\nS\u01b0\u1eddn C\u1eebu \u00dac \u0111\u00f4ng l\u1ea1nh th\u01b0\u01a1ng hi\u1ec7u White Striple Lamb l\u00e0 s\u1ea3n ph\u1ea9m c\u1ee7a c\u1eebu \u0111\u00f4ng l\u1ea1nh. S\u01b0\u1eddn c\u1eebu \u0111\u01b0\u1ee3c b\u1ea3o qu\u1ea3n \u0111\u00f4ng l\u1ea1nh, \u0111\u00f3ng g\u00f3i c\u1ea9n th\u1eadn, \u0111\u1ea3m b\u1ea3o v\u1ec7 sinh v\u00e0 an to\u00e0n th\u1ef1c ph\u1ea9m.<\/p>\n","protected":false},"excerpt":{"rendered":"<p>S\u01b0\u1eddn c\u1eebu \u0103n v\u00e0o \u1ea5m d\u1ea1 d\u00e0y, l\u00e0m cho da c\u0169ng \u0111\u1eb9p. S\u01b0\u1eddn c\u1eebu l\u00e0 m\u1ed9t trong nh\u1eefng th\u1ef1c ph\u1ea9m quan tr\u1ecdng gi\u1eef \u1ea5m trong m\u00f9a \u0111\u00f4ng. \u0102n th\u01b0\u1eddng xuy\u00ean s\u1ebd th\u00fac \u0111\u1ea9y qu\u00e1 tr\u00ecnh tu\u1ea7n ho\u00e0n m\u00e1u, t\u0103ng c\u01b0\u1eddng kh\u1ea3 n\u0103ng gi\u1eef \u1ea5m cho c\u01a1 th\u1ec3&#8230;.<\/p>\n","protected":false},"featured_media":178,"comment_status":"open","ping_status":"closed","template":"","meta":[],"_links":{"self":[{"href":"https:\/\/c407-muonghoafood.com-vn.net\/index.php?rest_route=\/wp\/v2\/product\/179"}],"collection":[{"href":"https:\/\/c407-muonghoafood.com-vn.net\/index.php?rest_route=\/wp\/v2\/product"}],"about":[{"href":"https:\/\/c407-muonghoafood.com-vn.net\/index.php?rest_route=\/wp\/v2\/types\/product"}],"replies":[{"embeddable":true,"href":"https:\/\/c407-muonghoafood.com-vn.net\/index.php?rest_route=%2Fwp%2Fv2%2Fcomments&post=179"}],"wp:featuredmedia":[{"embeddable":true,"href":"https:\/\/c407-muonghoafood.com-vn.net\/index.php?rest_route=\/wp\/v2\/media\/178"}],"wp:attachment":[{"href":"https:\/\/c407-muonghoafood.com-vn.net\/index.php?rest_route=%2Fwp%2Fv2%2Fmedia&parent=179"}],"curies":[{"name":"wp","href":"https:\/\/api.w.org\/{rel}","templated":true}]}}